{"id":2556,"date":"2023-01-20T14:34:56","date_gmt":"2023-01-20T19:34:56","guid":{"rendered":"https:\/\/www.chigamik.ca?page_id=2556"},"modified":"2023-03-05T12:30:50","modified_gmt":"2023-03-05T17:30:50","slug":"soins-de-sante-primaires","status":"publish","type":"page","link":"https:\/\/www.chigamik.ca\/fr\/services\/soins-de-sante-primaires","title":{"rendered":"Soins primaires"},"content":{"rendered":"\t\t<div data-elementor-type=\"wp-page\" data-elementor-id=\"2556\" class=\"elementor elementor-2556 elementor-2555\" data-elementor-post-type=\"page\">\n\t\t\t\t\t\t<section class=\"elementor-section elementor-top-section elementor-element elementor-element-6dc01a2 elementor-section-height-min-height elementor-section-boxed elementor-section-height-default elementor-section-items-middle\" data-id=\"6dc01a2\" data-element_type=\"section\" data-settings=\"{&quot;background_background&quot;:&quot;classic&quot;}\">\n\t\t\t\t\t\t<div class=\"elementor-container elementor-column-gap-default\">\n\t\t\t\t\t<div class=\"elementor-column elementor-col-100 elementor-top-column elementor-element elementor-element-b773ef7\" data-id=\"b773ef7\" data-element_type=\"column\">\n\t\t\t<div class=\"elementor-widget-wrap elementor-element-populated\">\n\t\t\t\t\t\t<div class=\"elementor-element elementor-element-504d1ad elementor-widget elementor-widget-heading\" data-id=\"504d1ad\" data-element_type=\"widget\" id=\"page_heading\" data-widget_type=\"heading.default\">\n\t\t\t\t\t<h1 class=\"elementor-heading-title elementor-size-default\"><span>Soins primaires\n<\/span><\/h1>\t\t\t\t<\/div>\n\t\t\t\t\t<\/div>\n\t\t<\/div>\n\t\t\t\t\t<\/div>\n\t\t<\/section>\n\t\t\t\t<section class=\"elementor-section elementor-top-section elementor-element elementor-element-58b6103 elementor-section-boxed elementor-section-height-default elementor-section-height-default\" data-id=\"58b6103\" data-element_type=\"section\">\n\t\t\t\t\t\t<div class=\"elementor-container elementor-column-gap-default\">\n\t\t\t\t\t<div class=\"elementor-column elementor-col-25 elementor-top-column elementor-element elementor-element-bebf6ef elementor-hidden-mobile\" data-id=\"bebf6ef\" data-element_type=\"column\">\n\t\t\t<div class=\"elementor-widget-wrap\">\n\t\t\t\t\t\t\t<\/div>\n\t\t<\/div>\n\t\t\t\t<div class=\"elementor-column elementor-col-25 elementor-top-column elementor-element elementor-element-abc01a9\" data-id=\"abc01a9\" data-element_type=\"column\">\n\t\t\t<div class=\"elementor-widget-wrap elementor-element-populated\">\n\t\t\t\t\t\t<div class=\"elementor-element elementor-element-1327b87 elementor-widget elementor-widget-image\" data-id=\"1327b87\" data-element_type=\"widget\" data-widget_type=\"image.default\">\n\t\t\t\t\t\t\t\t\t\t\t\t\t\t\t\t<a href=\"https:\/\/www.chigamik.ca\/fr\/services\/soins-de-sante-primaires\/soins-de-sante-primaires\" aria-label=\"Learn more about French Languages System Navigation at Chigamik\">\n\t\t\t\t\t\t\t<img fetchpriority=\"high\" decoding=\"async\" width=\"600\" height=\"400\" src=\"https:\/\/www.chigamik.ca\/wp-content\/uploads\/Primary-Health-Care-Button.jpg\" class=\"attachment-large size-large wp-image-3352\" alt=\"An female doctor holds a stethoscope up to the chest of a child in a pink shirt\" srcset=\"https:\/\/www.chigamik.ca\/wp-content\/uploads\/Primary-Health-Care-Button.jpg 600w, https:\/\/www.chigamik.ca\/wp-content\/uploads\/Primary-Health-Care-Button-300x200.jpg 300w\" sizes=\"(max-width: 600px) 100vw, 600px\" \/>\t\t\t\t\t\t\t\t<\/a>\n\t\t\t\t\t\t\t\t\t\t\t\t\t\t\t<\/div>\n\t\t\t\t<div class=\"elementor-element elementor-element-bd8a22c elementor-widget elementor-widget-heading\" data-id=\"bd8a22c\" data-element_type=\"widget\" data-widget_type=\"heading.default\">\n\t\t\t\t\t<h2 class=\"elementor-heading-title elementor-size-default\"><a href=\"https:\/\/www.chigamik.ca\/fr\/services\/soins-de-sante-primaires\/soins-de-sante-primaires\" aria-label=\"Learn more about French Languages System Navigation at Chigamik\">Soins de sant\u00e9 primaires<\/a><\/h2>\t\t\t\t<\/div>\n\t\t\t\t\t<\/div>\n\t\t<\/div>\n\t\t\t\t<div class=\"elementor-column elementor-col-25 elementor-top-column elementor-element elementor-element-763fdc7\" data-id=\"763fdc7\" data-element_type=\"column\">\n\t\t\t<div class=\"elementor-widget-wrap elementor-element-populated\">\n\t\t\t\t\t\t<div class=\"elementor-element elementor-element-4620bea elementor-widget elementor-widget-image\" data-id=\"4620bea\" data-element_type=\"widget\" data-widget_type=\"image.default\">\n\t\t\t\t\t\t\t\t\t\t\t\t\t\t\t\t<a href=\"https:\/\/www.chigamik.ca\/fr\/services\/soins-de-sante-primaires\/fixer-un-rendez-vous-en-ligne\" aria-label=\"Learn more about Dietician Services at Chigamik\">\n\t\t\t\t\t\t\t<img decoding=\"async\" width=\"600\" height=\"400\" src=\"https:\/\/www.chigamik.ca\/wp-content\/uploads\/Online-Appiontment-Booking-Button.jpg\" class=\"attachment-large size-large wp-image-3354\" alt=\"Smiling dark skinned woman with curly hair is smiling and tapping her tablet.\" srcset=\"https:\/\/www.chigamik.ca\/wp-content\/uploads\/Online-Appiontment-Booking-Button.jpg 600w, https:\/\/www.chigamik.ca\/wp-content\/uploads\/Online-Appiontment-Booking-Button-300x200.jpg 300w\" sizes=\"(max-width: 600px) 100vw, 600px\" \/>\t\t\t\t\t\t\t\t<\/a>\n\t\t\t\t\t\t\t\t\t\t\t\t\t\t\t<\/div>\n\t\t\t\t<div class=\"elementor-element elementor-element-e651c3a elementor-widget elementor-widget-heading\" data-id=\"e651c3a\" data-element_type=\"widget\" data-widget_type=\"heading.default\">\n\t\t\t\t\t<h2 class=\"elementor-heading-title elementor-size-default\"><a href=\"https:\/\/www.chigamik.ca\/allied-health\/mental-health-counselling\" aria-label=\"Learn more about Mental Health Counselling at Chigamik\">Fixer un rendez-vous en ligne<\/a><\/h2>\t\t\t\t<\/div>\n\t\t\t\t\t<\/div>\n\t\t<\/div>\n\t\t\t\t<div class=\"elementor-column elementor-col-25 elementor-top-column elementor-element elementor-element-14b8768 elementor-hidden-mobile\" data-id=\"14b8768\" data-element_type=\"column\">\n\t\t\t<div class=\"elementor-widget-wrap\">\n\t\t\t\t\t\t\t<\/div>\n\t\t<\/div>\n\t\t\t\t\t<\/div>\n\t\t<\/section>\n\t\t\t\t<section class=\"elementor-section elementor-top-section elementor-element elementor-element-6ac821a elementor-section-boxed elementor-section-height-default elementor-section-height-default\" data-id=\"6ac821a\" data-element_type=\"section\">\n\t\t\t\t\t\t<div class=\"elementor-container elementor-column-gap-default\">\n\t\t\t\t\t<div class=\"elementor-column elementor-col-25 elementor-top-column elementor-element elementor-element-fe1b826 elementor-hidden-mobile\" data-id=\"fe1b826\" data-element_type=\"column\">\n\t\t\t<div class=\"elementor-widget-wrap\">\n\t\t\t\t\t\t\t<\/div>\n\t\t<\/div>\n\t\t\t\t<div class=\"elementor-column elementor-col-25 elementor-top-column elementor-element elementor-element-8b7a923\" data-id=\"8b7a923\" data-element_type=\"column\">\n\t\t\t<div class=\"elementor-widget-wrap elementor-element-populated\">\n\t\t\t\t\t\t<div class=\"elementor-element elementor-element-2ba2ac7 elementor-widget elementor-widget-image\" data-id=\"2ba2ac7\" data-element_type=\"widget\" data-widget_type=\"image.default\">\n\t\t\t\t\t\t\t\t\t\t\t\t\t\t\t\t<a href=\"https:\/\/www.chigamik.ca\/fr\/services\/soins-de-sante-primaires\/soins-des-pieds-pour-les-diabetes\" aria-label=\"Learn more about Physiotherapy at Chigamik\">\n\t\t\t\t\t\t\t<img decoding=\"async\" width=\"600\" height=\"400\" src=\"https:\/\/www.chigamik.ca\/wp-content\/uploads\/Diabetes-Foot-Care-Button.jpg\" class=\"attachment-large size-large wp-image-3356\" alt=\"An older women&#039;s legs. She is removing one of her black shoes.\" srcset=\"https:\/\/www.chigamik.ca\/wp-content\/uploads\/Diabetes-Foot-Care-Button.jpg 600w, https:\/\/www.chigamik.ca\/wp-content\/uploads\/Diabetes-Foot-Care-Button-300x200.jpg 300w\" sizes=\"(max-width: 600px) 100vw, 600px\" \/>\t\t\t\t\t\t\t\t<\/a>\n\t\t\t\t\t\t\t\t\t\t\t\t\t\t\t<\/div>\n\t\t\t\t<div class=\"elementor-element elementor-element-1187604 elementor-widget elementor-widget-heading\" data-id=\"1187604\" data-element_type=\"widget\" data-widget_type=\"heading.default\">\n\t\t\t\t\t<h2 class=\"elementor-heading-title elementor-size-default\"><a href=\"https:\/\/www.chigamik.ca\/fr\/services\/soins-de-sante-primaires\/soins-des-pieds-pour-les-diabetes\" aria-label=\"Learn more about Dietician Services at Chigamik\">Soins des pieds pour les diab\u00e8tes<\/a><\/h2>\t\t\t\t<\/div>\n\t\t\t\t\t<\/div>\n\t\t<\/div>\n\t\t\t\t<div class=\"elementor-column elementor-col-25 elementor-top-column elementor-element elementor-element-cee59d2\" data-id=\"cee59d2\" data-element_type=\"column\">\n\t\t\t<div class=\"elementor-widget-wrap elementor-element-populated\">\n\t\t\t\t\t\t<div class=\"elementor-element elementor-element-ba96319 elementor-widget elementor-widget-image\" data-id=\"ba96319\" data-element_type=\"widget\" data-widget_type=\"image.default\">\n\t\t\t\t\t\t\t\t\t\t\t\t\t\t\t\t<a href=\"https:\/\/www.chigamik.ca\/fr\/services\/soins-de-sante-primaires\/telemedecine\" aria-label=\"Learn more about Mental Health Counselling at Chigamik\">\n\t\t\t\t\t\t\t<img loading=\"lazy\" decoding=\"async\" width=\"600\" height=\"400\" src=\"https:\/\/www.chigamik.ca\/wp-content\/uploads\/Telemedicine-Button.jpg\" class=\"attachment-large size-large wp-image-3358\" alt=\"A doctor wearing glasses, a white lab coat and a stethoscope is sitting in front of a lap top speaking with someone virtually.\" srcset=\"https:\/\/www.chigamik.ca\/wp-content\/uploads\/Telemedicine-Button.jpg 600w, https:\/\/www.chigamik.ca\/wp-content\/uploads\/Telemedicine-Button-300x200.jpg 300w\" sizes=\"(max-width: 600px) 100vw, 600px\" \/>\t\t\t\t\t\t\t\t<\/a>\n\t\t\t\t\t\t\t\t\t\t\t\t\t\t\t<\/div>\n\t\t\t\t<div class=\"elementor-element elementor-element-647711c elementor-widget elementor-widget-heading\" data-id=\"647711c\" data-element_type=\"widget\" data-widget_type=\"heading.default\">\n\t\t\t\t\t<h2 class=\"elementor-heading-title elementor-size-default\"><a href=\"https:\/\/www.chigamik.ca\/fr\/services\/soins-de-sante-primaires\/telemedecine\" aria-label=\"Learn more about Physiotherapy at Chigamik\">T\u00e9l\u00e9m\u00e9decine<\/a><\/h2>\t\t\t\t<\/div>\n\t\t\t\t\t<\/div>\n\t\t<\/div>\n\t\t\t\t<div class=\"elementor-column elementor-col-25 elementor-top-column elementor-element elementor-element-521b61f elementor-hidden-mobile\" data-id=\"521b61f\" data-element_type=\"column\">\n\t\t\t<div class=\"elementor-widget-wrap\">\n\t\t\t\t\t\t\t<\/div>\n\t\t<\/div>\n\t\t\t\t\t<\/div>\n\t\t<\/section>\n\t\t\t\t<section class=\"elementor-section elementor-top-section elementor-element elementor-element-27d5ac6 elementor-section-full_width elementor-section-height-default elementor-section-height-default\" data-id=\"27d5ac6\" data-element_type=\"section\">\n\t\t\t\t\t\t<div class=\"elementor-container elementor-column-gap-default\">\n\t\t\t\t\t<div class=\"elementor-column elementor-col-100 elementor-top-column elementor-element elementor-element-4273696\" data-id=\"4273696\" data-element_type=\"column\">\n\t\t\t<div class=\"elementor-widget-wrap elementor-element-populated\">\n\t\t\t\t\t\t<div class=\"elementor-element elementor-element-015c8ca elementor-widget elementor-widget-template\" data-id=\"015c8ca\" data-element_type=\"widget\" data-widget_type=\"template.default\">\n\t\t\t\t<div class=\"elementor-widget-container\">\n\t\t\t\t\t\t\t<div class=\"elementor-template\">\n\t\t\t\t\t<div data-elementor-type=\"section\" data-elementor-id=\"2329\" class=\"elementor elementor-2329 elementor-270\" data-elementor-post-type=\"elementor_library\">\n\t\t\t\t\t<section class=\"elementor-section elementor-top-section elementor-element elementor-element-43abf0f7 elementor-section-full_width elementor-section-content-middle elementor-section-height-default elementor-section-height-default\" data-id=\"43abf0f7\" data-element_type=\"section\" data-settings=\"{&quot;background_background&quot;:&quot;classic&quot;}\">\n\t\t\t\t\t\t<div class=\"elementor-container elementor-column-gap-default\">\n\t\t\t\t\t<div class=\"elementor-column elementor-col-25 elementor-top-column elementor-element elementor-element-375d5a02\" data-id=\"375d5a02\" data-element_type=\"column\">\n\t\t\t<div class=\"elementor-widget-wrap elementor-element-populated\">\n\t\t\t\t\t\t<div class=\"elementor-element elementor-element-3d82c3e2 elementor-widget elementor-widget-image\" data-id=\"3d82c3e2\" data-element_type=\"widget\" data-widget_type=\"image.default\">\n\t\t\t\t\t\t\t\t\t\t\t\t\t\t\t<img decoding=\"async\" src=\"https:\/\/www.chigamik.ca\/wp-content\/uploads\/elementor\/thumbs\/two_mothers_baby-pnzf094l4aod29jewoylegz3behl67d5gkpabmy1vk.jpg\" title=\"two_mothers_baby\" alt=\"A woman hugging a baby and a second woman hugging both the woman and the baby.\" loading=\"lazy\" \/>\t\t\t\t\t\t\t\t\t\t\t\t\t\t\t<\/div>\n\t\t\t\t\t<\/div>\n\t\t<\/div>\n\t\t\t\t<div class=\"elementor-column elementor-col-25 elementor-top-column elementor-element elementor-element-64e483df\" data-id=\"64e483df\" data-element_type=\"column\">\n\t\t\t<div class=\"elementor-widget-wrap elementor-element-populated\">\n\t\t\t\t\t\t<div class=\"elementor-element elementor-element-290982ad elementor-widget elementor-widget-heading\" data-id=\"290982ad\" data-element_type=\"widget\" data-widget_type=\"heading.default\">\n\t\t\t\t\t<h2 class=\"elementor-heading-title elementor-size-default\">Notre bulletin<\/h2>\t\t\t\t<\/div>\n\t\t\t\t<div class=\"elementor-element elementor-element-59d31e82 elementor-widget elementor-widget-text-editor\" data-id=\"59d31e82\" data-element_type=\"widget\" data-widget_type=\"text-editor.default\">\n\t\t\t\t\t\t\t\t\t<p>L\u2019abonnement au bulletin de nouvelles est facile. Vous n\u2019avez qu\u2019\u00e0 inscrire votre nom et adresse \u00e9lectronique pour commencer \u00e0 recevoir les derni\u00e8res nouvelles, les \u00e9v\u00e9nements et les programmes que nous comptons offrir.<\/p>\n\t\t\t\t\t\t\t\t<\/div>\n\t\t\t\t\t<\/div>\n\t\t<\/div>\n\t\t\t\t<div class=\"elementor-column elementor-col-25 elementor-top-column elementor-element elementor-element-79bd6d44\" data-id=\"79bd6d44\" data-element_type=\"column\">\n\t\t\t<div class=\"elementor-widget-wrap elementor-element-populated\">\n\t\t\t\t\t\t<div class=\"elementor-element elementor-element-f6c16c4 elementor-align-center elementor-widget elementor-widget-button\" data-id=\"f6c16c4\" data-element_type=\"widget\" data-widget_type=\"button.default\">\n\t\t\t\t\t\t\t\t\t\t<a class=\"elementor-button elementor-button-link elementor-size-xl\" href=\"http:\/\/eepurl.com\/1jQyr\" target=\"_blank\">\n\t\t\t\t\t\t<span class=\"elementor-button-content-wrapper\">\n\t\t\t\t\t\t\t\t\t<span class=\"elementor-button-text\">Cliquez ici pour vous inscrire<\/span>\n\t\t\t\t\t<\/span>\n\t\t\t\t\t<\/a>\n\t\t\t\t\t\t\t\t<\/div>\n\t\t\t\t\t<\/div>\n\t\t<\/div>\n\t\t\t\t<div class=\"elementor-column elementor-col-25 elementor-top-column elementor-element elementor-element-abaf30e\" data-id=\"abaf30e\" data-element_type=\"column\">\n\t\t\t<div class=\"elementor-widget-wrap\">\n\t\t\t\t\t\t\t<\/div>\n\t\t<\/div>\n\t\t\t\t\t<\/div>\n\t\t<\/section>\n\t\t\t\t<section class=\"elementor-section elementor-top-section elementor-element elementor-element-3a20b45 elementor-section-full_width elementor-section-content-middle elementor-hidden-desktop elementor-hidden-tablet elementor-hidden-mobile elementor-section-height-default elementor-section-height-default\" data-id=\"3a20b45\" data-element_type=\"section\" data-settings=\"{&quot;background_background&quot;:&quot;classic&quot;}\">\n\t\t\t\t\t\t<div class=\"elementor-container elementor-column-gap-default\">\n\t\t\t\t\t<div class=\"elementor-column elementor-col-25 elementor-top-column elementor-element elementor-element-bd70552\" data-id=\"bd70552\" data-element_type=\"column\">\n\t\t\t<div class=\"elementor-widget-wrap elementor-element-populated\">\n\t\t\t\t\t\t<div class=\"elementor-element elementor-element-6154039 elementor-widget elementor-widget-image\" data-id=\"6154039\" data-element_type=\"widget\" data-widget_type=\"image.default\">\n\t\t\t\t\t\t\t\t\t\t\t\t\t\t\t<img decoding=\"async\" src=\"https:\/\/www.chigamik.ca\/wp-content\/uploads\/elementor\/thumbs\/two_mothers_baby-pnzf094l4aod29jewoylegz3behl67d5gkpabmy1vk.jpg\" title=\"two_mothers_baby\" alt=\"A woman hugging a baby and a second woman hugging both the woman and the baby.\" loading=\"lazy\" \/>\t\t\t\t\t\t\t\t\t\t\t\t\t\t\t<\/div>\n\t\t\t\t\t<\/div>\n\t\t<\/div>\n\t\t\t\t<div class=\"elementor-column elementor-col-25 elementor-top-column elementor-element elementor-element-11f4bd2\" data-id=\"11f4bd2\" data-element_type=\"column\">\n\t\t\t<div class=\"elementor-widget-wrap elementor-element-populated\">\n\t\t\t\t\t\t<div class=\"elementor-element elementor-element-6735831 elementor-widget elementor-widget-heading\" data-id=\"6735831\" data-element_type=\"widget\" data-widget_type=\"heading.default\">\n\t\t\t\t\t<h2 class=\"elementor-heading-title elementor-size-default\">Notre bulletin<\/h2>\t\t\t\t<\/div>\n\t\t\t\t<div class=\"elementor-element elementor-element-ad3830f elementor-widget elementor-widget-text-editor\" data-id=\"ad3830f\" data-element_type=\"widget\" data-widget_type=\"text-editor.default\">\n\t\t\t\t\t\t\t\t\t<p>L\u2019abonnement au bulletin de nouvelles est facile. Vous n\u2019avez qu\u2019\u00e0 inscrire votre nom et adresse \u00e9lectronique pour commencer \u00e0 recevoir les derni\u00e8res nouvelles, les \u00e9v\u00e9nements et les programmes que nous comptons offrir.<\/p>\n\t\t\t\t\t\t\t\t<\/div>\n\t\t\t\t\t<\/div>\n\t\t<\/div>\n\t\t\t\t<div class=\"elementor-column elementor-col-25 elementor-top-column elementor-element elementor-element-97ec358\" data-id=\"97ec358\" data-element_type=\"column\" data-settings=\"{&quot;background_background&quot;:&quot;classic&quot;}\">\n\t\t\t<div class=\"elementor-widget-wrap elementor-element-populated\">\n\t\t\t\t\t\t<div class=\"elementor-element elementor-element-6dae9a3 elementor-widget elementor-widget-heading\" data-id=\"6dae9a3\" data-element_type=\"widget\" data-widget_type=\"heading.default\">\n\t\t\t\t\t<h2 class=\"elementor-heading-title elementor-size-default\">Inscription au bulletin de nouvelles<\/h2>\t\t\t\t<\/div>\n\t\t\t\t<div class=\"elementor-element elementor-element-15bfeaf elementor-button-align-center elementor-widget elementor-widget-form\" data-id=\"15bfeaf\" data-element_type=\"widget\" data-settings=\"{&quot;step_next_label&quot;:&quot;Suivant&quot;,&quot;step_previous_label&quot;:&quot;Pr\\u00e9c\\u00e9dent&quot;,&quot;button_width&quot;:&quot;100&quot;,&quot;step_type&quot;:&quot;number_text&quot;,&quot;step_icon_shape&quot;:&quot;circle&quot;}\" data-widget_type=\"form.default\">\n\t\t\t\t\t\t\t<form class=\"elementor-form\" method=\"post\" name=\"Inscription au bulletin de nouvelles\" aria-label=\"Inscription au bulletin de nouvelles\">\n\t\t\t<input type=\"hidden\" name=\"post_id\" value=\"2329\"\/>\n\t\t\t<input type=\"hidden\" name=\"form_id\" value=\"15bfeaf\"\/>\n\t\t\t<input type=\"hidden\" name=\"referer_title\" value=\"Nouvelles | CSC CHIGAMIK CHC\" \/>\n\n\t\t\t\t\t\t\t<input type=\"hidden\" name=\"queried_id\" value=\"3094\"\/>\n\t\t\t\n\t\t\t<div class=\"elementor-form-fields-wrapper elementor-labels-\">\n\t\t\t\t\t\t\t\t<div class=\"elementor-field-type-text elementor-field-group elementor-column elementor-field-group-name elementor-col-100 elementor-field-required\">\n\t\t\t\t\t\t\t\t\t\t\t\t<label for=\"form-field-name\" class=\"elementor-field-label elementor-screen-only\">\n\t\t\t\t\t\t\t\tPr\u00e9nom\t\t\t\t\t\t\t<\/label>\n\t\t\t\t\t\t\t\t\t\t\t\t\t\t<input size=\"1\" type=\"text\" name=\"form_fields[name]\" id=\"form-field-name\" class=\"elementor-field elementor-size-md  elementor-field-textual\" placeholder=\"Pr\u00e9nom\" required=\"required\">\n\t\t\t\t\t\t\t\t\t\t\t<\/div>\n\t\t\t\t\t\t\t\t<div class=\"elementor-field-type-text elementor-field-group elementor-column elementor-field-group-message elementor-col-100 elementor-field-required\">\n\t\t\t\t\t\t\t\t\t\t\t\t<label for=\"form-field-message\" class=\"elementor-field-label elementor-screen-only\">\n\t\t\t\t\t\t\t\tNom de famille\t\t\t\t\t\t\t<\/label>\n\t\t\t\t\t\t\t\t\t\t\t\t\t\t<input size=\"1\" type=\"text\" name=\"form_fields[message]\" id=\"form-field-message\" class=\"elementor-field elementor-size-md  elementor-field-textual\" placeholder=\"Nom de famille\" required=\"required\">\n\t\t\t\t\t\t\t\t\t\t\t<\/div>\n\t\t\t\t\t\t\t\t<div class=\"elementor-field-type-email elementor-field-group elementor-column elementor-field-group-email elementor-col-100 elementor-field-required\">\n\t\t\t\t\t\t\t\t\t\t\t\t<label for=\"form-field-email\" class=\"elementor-field-label elementor-screen-only\">\n\t\t\t\t\t\t\t\tCourriel\t\t\t\t\t\t\t<\/label>\n\t\t\t\t\t\t\t\t\t\t\t\t\t\t<input size=\"1\" type=\"email\" name=\"form_fields[email]\" id=\"form-field-email\" class=\"elementor-field elementor-size-md  elementor-field-textual\" placeholder=\"Courriel\" required=\"required\">\n\t\t\t\t\t\t\t\t\t\t\t<\/div>\n\t\t\t\t\t\t\t\t<div class=\"elementor-field-type-recaptcha_v3 elementor-field-group elementor-column elementor-field-group-field_7756306 elementor-col-100 recaptcha_v3-bottomright\">\n\t\t\t\t\t<div class=\"elementor-field\" id=\"form-field-field_7756306\"><div class=\"elementor-g-recaptcha\" data-sitekey=\"6LeCOdgkAAAAAMbfYkRpsRvZVistfLFz4klJmYOh\" data-type=\"v3\" data-action=\"Form\" data-badge=\"bottomright\" data-size=\"invisible\"><\/div><\/div>\t\t\t\t<\/div>\n\t\t\t\t\t\t\t\t<div class=\"elementor-field-group elementor-column elementor-field-type-submit elementor-col-100 e-form__buttons\">\n\t\t\t\t\t<button class=\"elementor-button elementor-size-sm\" type=\"submit\">\n\t\t\t\t\t\t<span class=\"elementor-button-content-wrapper\">\n\t\t\t\t\t\t\t\t\t\t\t\t\t\t\t\t\t\t\t\t\t\t<span class=\"elementor-button-text\">Envoyer<\/span>\n\t\t\t\t\t\t\t\t\t\t\t\t\t<\/span>\n\t\t\t\t\t<\/button>\n\t\t\t\t<\/div>\n\t\t\t<\/div>\n\t\t<\/form>\n\t\t\t\t\t\t<\/div>\n\t\t\t\t\t<\/div>\n\t\t<\/div>\n\t\t\t\t<div class=\"elementor-column elementor-col-25 elementor-top-column elementor-element elementor-element-8f30a76\" data-id=\"8f30a76\" data-element_type=\"column\">\n\t\t\t<div class=\"elementor-widget-wrap\">\n\t\t\t\t\t\t\t<\/div>\n\t\t<\/div>\n\t\t\t\t\t<\/div>\n\t\t<\/section>\n\t\t\t\t<\/div>\n\t\t\t\t<\/div>\n\t\t\t\t\t\t<\/div>\n\t\t\t\t<\/div>\n\t\t\t\t\t<\/div>\n\t\t<\/div>\n\t\t\t\t\t<\/div>\n\t\t<\/section>\n\t\t\t\t<\/div>\n\t\t","protected":false},"excerpt":{"rendered":"<p>Soins primaires Soins de sant\u00e9 primaires Fixer un rendez-vous en ligne Soins des pieds pour les diab\u00e8tes T\u00e9l\u00e9m\u00e9decine<\/p>\n","protected":false},"author":1,"featured_media":0,"parent":4300,"menu_order":0,"comment_status":"closed","ping_status":"closed","template":"elementor_header_footer","meta":{"inline_featured_image":false,"_exactmetrics_skip_tracking":false,"_exactmetrics_sitenote_active":false,"_exactmetrics_sitenote_note":"","_exactmetrics_sitenote_category":0,"footnotes":""},"class_list":["post-2556","page","type-page","status-publish","hentry"],"aioseo_notices":[],"_links":{"self":[{"href":"https:\/\/www.chigamik.ca\/fr\/wp-json\/wp\/v2\/pages\/2556","targetHints":{"allow":["GET"]}}],"collection":[{"href":"https:\/\/www.chigamik.ca\/fr\/wp-json\/wp\/v2\/pages"}],"about":[{"href":"https:\/\/www.chigamik.ca\/fr\/wp-json\/wp\/v2\/types\/page"}],"author":[{"embeddable":true,"href":"https:\/\/www.chigamik.ca\/fr\/wp-json\/wp\/v2\/users\/1"}],"replies":[{"embeddable":true,"href":"https:\/\/www.chigamik.ca\/fr\/wp-json\/wp\/v2\/comments?post=2556"}],"version-history":[{"count":11,"href":"https:\/\/www.chigamik.ca\/fr\/wp-json\/wp\/v2\/pages\/2556\/revisions"}],"predecessor-version":[{"id":4448,"href":"https:\/\/www.chigamik.ca\/fr\/wp-json\/wp\/v2\/pages\/2556\/revisions\/4448"}],"up":[{"embeddable":true,"href":"https:\/\/www.chigamik.ca\/fr\/wp-json\/wp\/v2\/pages\/4300"}],"wp:attachment":[{"href":"https:\/\/www.chigamik.ca\/fr\/wp-json\/wp\/v2\/media?parent=2556"}],"curies":[{"name":"wp","href":"https:\/\/api.w.org\/{rel}","templated":true}]}}